{"id":16650,"date":"2020-02-24T22:15:15","date_gmt":"2020-02-25T01:15:15","guid":{"rendered":"https:\/\/demo01.houzez.co\/?page_id=16650"},"modified":"2026-04-17T18:36:50","modified_gmt":"2026-04-17T16:36:50","slug":"about","status":"publish","type":"page","link":"https:\/\/squareplus.indigimarketing.com\/en\/about\/","title":{"rendered":"About"},"content":{"rendered":"<div data-elementor-type=\"wp-page\" data-elementor-id=\"16650\" class=\"elementor elementor-16650\" data-elementor-post-type=\"page\">\n\t\t\t\t<div class=\"elementor-element elementor-element-e94a38d animated-slow e-flex e-con-boxed elementor-invisible e-con e-parent\" data-id=\"e94a38d\" data-element_type=\"container\" data-e-type=\"container\" data-settings=\"{&quot;background_background&quot;:&quot;classic&quot;,&quot;animation&quot;:&quot;fadeIn&quot;}\">\n\t\t\t\t\t<div class=\"e-con-inner\">\n\t\t<div class=\"elementor-element elementor-element-42fb046 e-con-full e-flex e-con e-child\" data-id=\"42fb046\" data-element_type=\"container\" data-e-type=\"container\">\n\t\t\t\t<div class=\"elementor-element elementor-element-18d7516 elementor-widget elementor-widget-heading\" data-id=\"18d7516\" data-element_type=\"widget\" data-e-type=\"widget\" data-widget_type=\"heading.default\">\n\t\t\t\t<div class=\"elementor-widget-container\">\n\t\t\t\t\t<h1 class=\"elementor-heading-title elementor-size-default\">\u00c0 propos de nous<\/h1>\t\t\t\t<\/div>\n\t\t\t\t<\/div>\n\t\t\t\t<\/div>\n\t\t\t\t\t<\/div>\n\t\t\t\t<\/div>\n\t\t<div class=\"elementor-element elementor-element-e8e2307 e-flex e-con-boxed e-con e-parent\" data-id=\"e8e2307\" data-element_type=\"container\" data-e-type=\"container\" data-settings=\"{&quot;background_background&quot;:&quot;classic&quot;}\">\n\t\t\t\t\t<div class=\"e-con-inner\">\n\t\t<div class=\"elementor-element elementor-element-8ada698 e-con-full e-flex e-con e-child\" data-id=\"8ada698\" data-element_type=\"container\" data-e-type=\"container\">\n\t\t\t\t<div class=\"elementor-element elementor-element-9247552 elementor-widget__width-inherit elementor-widget elementor-widget-houzez_elementor_space\" data-id=\"9247552\" data-element_type=\"widget\" data-e-type=\"widget\" data-widget_type=\"houzez_elementor_space.default\">\n\t\t\t\t<div class=\"elementor-widget-container\">\n\t\t\t\t\t        <div class=\"houzez-spacer\">\n            <div class=\"houzez-spacer-inner\"><\/div>\n        <\/div>\n        \t\t\t\t<\/div>\n\t\t\t\t<\/div>\n\t\t<div class=\"elementor-element elementor-element-b40f2e8 e-con-full e-flex e-con e-child\" data-id=\"b40f2e8\" data-element_type=\"container\" data-e-type=\"container\">\n\t\t\t\t<div class=\"elementor-element elementor-element-c2e6a70 elementor-position-top elementor-widget elementor-widget-image-box\" data-id=\"c2e6a70\" data-element_type=\"widget\" data-e-type=\"widget\" data-widget_type=\"image-box.default\">\n\t\t\t\t<div class=\"elementor-widget-container\">\n\t\t\t\t\t<div class=\"elementor-image-box-wrapper\"><figure class=\"elementor-image-box-img\"><img fetchpriority=\"high\" decoding=\"async\" width=\"500\" height=\"500\" src=\"https:\/\/squareplus.indigimarketing.com\/wp-content\/uploads\/2026\/04\/expertize.png\" class=\"attachment-full size-full wp-image-22236\" alt=\"\" srcset=\"https:\/\/squareplus.indigimarketing.com\/wp-content\/uploads\/2026\/04\/expertize.png 500w, https:\/\/squareplus.indigimarketing.com\/wp-content\/uploads\/2026\/04\/expertize-12x12.png 12w\" sizes=\"(max-width: 500px) 100vw, 500px\" \/><\/figure><div class=\"elementor-image-box-content\"><h3 class=\"elementor-image-box-title\">EXPERTISE<\/h3><p class=\"elementor-image-box-description\">With our 20 years of professional experience in the real estate sector, our in-depth knowledge of the local real estate market and our network, we will be able to showcase your property and get the best price for it.<\/p><\/div><\/div>\t\t\t\t<\/div>\n\t\t\t\t<\/div>\n\t\t\t\t<\/div>\n\t\t<div class=\"elementor-element elementor-element-1984aa3 e-con-full e-flex e-con e-child\" data-id=\"1984aa3\" data-element_type=\"container\" data-e-type=\"container\">\n\t\t\t\t<div class=\"elementor-element elementor-element-508b346 elementor-position-top elementor-widget elementor-widget-image-box\" data-id=\"508b346\" data-element_type=\"widget\" data-e-type=\"widget\" data-widget_type=\"image-box.default\">\n\t\t\t\t<div class=\"elementor-widget-container\">\n\t\t\t\t\t<div class=\"elementor-image-box-wrapper\"><figure class=\"elementor-image-box-img\"><img decoding=\"async\" width=\"500\" height=\"500\" src=\"https:\/\/squareplus.indigimarketing.com\/wp-content\/uploads\/2026\/04\/acompanhamento.png\" class=\"attachment-full size-full wp-image-22233\" alt=\"\" srcset=\"https:\/\/squareplus.indigimarketing.com\/wp-content\/uploads\/2026\/04\/acompanhamento.png 500w, https:\/\/squareplus.indigimarketing.com\/wp-content\/uploads\/2026\/04\/acompanhamento-12x12.png 12w\" sizes=\"(max-width: 500px) 100vw, 500px\" \/><\/figure><div class=\"elementor-image-box-content\"><h3 class=\"elementor-image-box-title\">ACCOMPANIEMENT<\/h3><p class=\"elementor-image-box-description\">\nWe provide tailored support according to your wishes. Available and attentive to market changes, we advise and support you throughout the entire sales\/rental process.<\/p><\/div><\/div>\t\t\t\t<\/div>\n\t\t\t\t<\/div>\n\t\t\t\t<\/div>\n\t\t<div class=\"elementor-element elementor-element-889ff5f e-con-full e-flex e-con e-child\" data-id=\"889ff5f\" data-element_type=\"container\" data-e-type=\"container\">\n\t\t\t\t<div class=\"elementor-element elementor-element-4d66f52 elementor-position-top elementor-widget elementor-widget-image-box\" data-id=\"4d66f52\" data-element_type=\"widget\" data-e-type=\"widget\" data-widget_type=\"image-box.default\">\n\t\t\t\t<div class=\"elementor-widget-container\">\n\t\t\t\t\t<div class=\"elementor-image-box-wrapper\"><figure class=\"elementor-image-box-img\"><img decoding=\"async\" width=\"500\" height=\"500\" src=\"https:\/\/squareplus.indigimarketing.com\/wp-content\/uploads\/2026\/04\/dinamismo.png\" class=\"attachment-full size-full wp-image-22232\" alt=\"\" srcset=\"https:\/\/squareplus.indigimarketing.com\/wp-content\/uploads\/2026\/04\/dinamismo.png 500w, https:\/\/squareplus.indigimarketing.com\/wp-content\/uploads\/2026\/04\/dinamismo-12x12.png 12w\" sizes=\"(max-width: 500px) 100vw, 500px\" \/><\/figure><div class=\"elementor-image-box-content\"><h3 class=\"elementor-image-box-title\">DYNAMISM<\/h3><p class=\"elementor-image-box-description\">Our modern tools allow us to track each request and process it quickly, professionally, and efficiently. We are constantly seeking new skills and solutions to showcase the properties entrusted to us.<\/p><\/div><\/div>\t\t\t\t<\/div>\n\t\t\t\t<\/div>\n\t\t\t\t<\/div>\n\t\t\t\t<\/div>\n\t\t\t\t\t<\/div>\n\t\t\t\t<\/div>\n\t\t\t\t<\/div>","protected":false},"excerpt":{"rendered":"<p>\u00c0 propos de nous EXPERTISE De par nos 20 ans d\u2019exp\u00e9rience professionnelle dans la branche immobili\u00e8re, notre connaissance approfondie du march\u00e9 de l\u2019immobilier local et notre r\u00e9seau, nous saurons mettre en avant votre bien et en tirer le meilleur prix. ACCOMPAGNEMENT ACCOMPAGNEMENT Un suivi r\u00e9alis\u00e9 sur mesure selon le souhait du client. Disponibles et attentifs [&hellip;]<\/p>\n","protected":false},"author":1,"featured_media":0,"parent":0,"menu_order":0,"comment_status":"closed","ping_status":"closed","template":"template\/template-homepage.php","meta":{"footnotes":""},"class_list":["post-16650","page","type-page","status-publish","hentry"],"_links":{"self":[{"href":"https:\/\/squareplus.indigimarketing.com\/en\/wp-json\/wp\/v2\/pages\/16650","targetHints":{"allow":["GET"]}}],"collection":[{"href":"https:\/\/squareplus.indigimarketing.com\/en\/wp-json\/wp\/v2\/pages"}],"about":[{"href":"https:\/\/squareplus.indigimarketing.com\/en\/wp-json\/wp\/v2\/types\/page"}],"author":[{"embeddable":true,"href":"https:\/\/squareplus.indigimarketing.com\/en\/wp-json\/wp\/v2\/users\/1"}],"replies":[{"embeddable":true,"href":"https:\/\/squareplus.indigimarketing.com\/en\/wp-json\/wp\/v2\/comments?post=16650"}],"version-history":[{"count":57,"href":"https:\/\/squareplus.indigimarketing.com\/en\/wp-json\/wp\/v2\/pages\/16650\/revisions"}],"predecessor-version":[{"id":22242,"href":"https:\/\/squareplus.indigimarketing.com\/en\/wp-json\/wp\/v2\/pages\/16650\/revisions\/22242"}],"wp:attachment":[{"href":"https:\/\/squareplus.indigimarketing.com\/en\/wp-json\/wp\/v2\/media?parent=16650"}],"curies":[{"name":"wp","href":"https:\/\/api.w.org\/{rel}","templated":true}]}}